{"id":1241,"date":"2020-04-26T16:26:32","date_gmt":"2020-04-26T19:26:32","guid":{"rendered":"http:\/\/fuzjastudio.com.br\/?page_id=1241"},"modified":"2020-04-27T09:41:30","modified_gmt":"2020-04-27T12:41:30","slug":"politicas-de-privacidade","status":"publish","type":"page","link":"https:\/\/fuzjastudio.com.br\/en\/politicas-de-privacidade\/","title":{"rendered":"Privacy Policy"},"content":{"rendered":"<div data-elementor-type=\"wp-page\" data-elementor-id=\"1241\" class=\"elementor elementor-1241\" data-elementor-post-type=\"page\">\n\t\t\t\t\t\t<section class=\"elementor-section elementor-inner-section elementor-element elementor-element-358067b4 elementor-section-full_width ekit-sticky--top elementor-section-height-default elementor-section-height-default\" data-id=\"358067b4\" data-element_type=\"section\" data-e-type=\"section\" data-settings=\"{&quot;background_background&quot;:&quot;classic&quot;,&quot;ekit_sticky&quot;:&quot;top&quot;,&quot;ekit_sticky_offset&quot;:{&quot;unit&quot;:&quot;px&quot;,&quot;size&quot;:0,&quot;sizes&quot;:[]},&quot;ekit_sticky_on&quot;:&quot;desktop_tablet_mobile&quot;,&quot;ekit_sticky_effect_offset&quot;:{&quot;unit&quot;:&quot;px&quot;,&quot;size&quot;:0,&quot;sizes&quot;:[]},&quot;ekit_has_onepagescroll_dot&quot;:&quot;yes&quot;}\">\n\t\t\t\t\t\t<div class=\"elementor-container elementor-column-gap-default\">\n\t\t\t\t\t<div class=\"elementor-column elementor-col-33 elementor-inner-column elementor-element elementor-element-49fcbf17\" data-id=\"49fcbf17\" data-element_type=\"column\" data-e-type=\"column\">\n\t\t\t<div class=\"elementor-widget-wrap elementor-element-populated\">\n\t\t\t\t\t\t<div class=\"elementor-element elementor-element-24d1edc elementor-widget elementor-widget-image\" data-id=\"24d1edc\" data-element_type=\"widget\" data-e-type=\"widget\" data-settings=\"{&quot;ekit_we_effect_on&quot;:&quot;none&quot;}\" data-widget_type=\"image.default\">\n\t\t\t\t<div class=\"elementor-widget-container\">\n\t\t\t\t\t\t\t\t\t\t\t\t\t\t\t\t<a href=\"http:\/\/fuzjastudio.com.br\/en\/\">\n\t\t\t\t\t\t\t<img decoding=\"async\" width=\"300\" height=\"131\" src=\"https:\/\/fuzjastudio.com.br\/wp-content\/uploads\/2020\/04\/cropped-LOGO_FUZJA_SITE-07-1-300x131.png\" class=\"attachment-medium size-medium wp-image-1114\" alt=\"Fuzja Studio\" srcset=\"https:\/\/fuzjastudio.com.br\/wp-content\/uploads\/2020\/04\/cropped-LOGO_FUZJA_SITE-07-1-300x131.png 300w, https:\/\/fuzjastudio.com.br\/wp-content\/uploads\/2020\/04\/cropped-LOGO_FUZJA_SITE-07-1-1024x446.png 1024w, https:\/\/fuzjastudio.com.br\/wp-content\/uploads\/2020\/04\/cropped-LOGO_FUZJA_SITE-07-1-768x334.png 768w, https:\/\/fuzjastudio.com.br\/wp-content\/uploads\/2020\/04\/cropped-LOGO_FUZJA_SITE-07-1-1536x668.png 1536w, https:\/\/fuzjastudio.com.br\/wp-content\/uploads\/2020\/04\/cropped-LOGO_FUZJA_SITE-07-1.png 1981w\" sizes=\"(max-width: 300px) 100vw, 300px\" \/>\t\t\t\t\t\t\t\t<\/a>\n\t\t\t\t\t\t\t\t\t\t\t\t\t\t\t<\/div>\n\t\t\t\t<\/div>\n\t\t\t\t\t<\/div>\n\t\t<\/div>\n\t\t\t\t<div class=\"elementor-column elementor-col-33 elementor-inner-column elementor-element elementor-element-47670af8\" data-id=\"47670af8\" data-element_type=\"column\" data-e-type=\"column\">\n\t\t\t<div class=\"elementor-widget-wrap elementor-element-populated\">\n\t\t\t\t\t\t<div class=\"elementor-element elementor-element-54412d3b elementor-widget elementor-widget-ekit-nav-menu\" data-id=\"54412d3b\" data-element_type=\"widget\" data-e-type=\"widget\" data-settings=\"{&quot;ekit_we_effect_on&quot;:&quot;none&quot;}\" data-widget_type=\"ekit-nav-menu.default\">\n\t\t\t\t<div class=\"elementor-widget-container\">\n\t\t\t\t\t\t\t<nav class=\"ekit-wid-con ekit_menu_responsive_tablet\"\n\t\t\tdata-hamburger-icon=\"\"\n\t\t\tdata-hamburger-icon-type=\"icon\"\n\t\t\tdata-responsive-breakpoint=\"1024\">\n\t\t\t            <button class=\"elementskit-menu-hamburger elementskit-menu-toggler\"  type=\"button\" aria-label=\"hamburger-icon\">\n                                    <span class=\"elementskit-menu-hamburger-icon\"><\/span><span class=\"elementskit-menu-hamburger-icon\"><\/span><span class=\"elementskit-menu-hamburger-icon\"><\/span>\n                            <\/button>\n            <div id=\"ekit-megamenu-menu-portugues\" class=\"elementskit-menu-container elementskit-menu-offcanvas-elements elementskit-navbar-nav-default ekit-nav-menu-one-page-no ekit-nav-dropdown-hover\"><ul id=\"menu-menu-portugues\" class=\"elementskit-navbar-nav elementskit-menu-po-center submenu-click-on-icon\"><li id=\"menu-item-274\" class=\"menu-item menu-item-type-post_type menu-item-object-page menu-item-274 nav-item elementskit-mobile-builder-content\" data-vertical-menu=\"750px\"><a href=\"https:\/\/fuzjastudio.com.br\/en\/artista\/\" class=\"ekit-menu-nav-link\">Fuzja<\/a><\/li>\n<li id=\"menu-item-2651\" class=\"menu-item menu-item-type-custom menu-item-object-custom menu-item-has-children menu-item-2651 nav-item elementskit-dropdown-has relative_position elementskit-dropdown-menu-default_width elementskit-mobile-builder-content\" data-vertical-menu=\"750px\"><a href=\"#\" class=\"ekit-menu-nav-link ekit-menu-dropdown-toggle\">Portfolio<i class=\"icon icon-down-arrow1 elementskit-submenu-indicator\"><\/i><\/a>\n<ul class=\"elementskit-dropdown elementskit-submenu-panel\">\n\t<li id=\"menu-item-1245\" class=\"menu-item menu-item-type-post_type menu-item-object-page menu-item-1245 nav-item elementskit-mobile-builder-content\" data-vertical-menu=\"750px\"><a href=\"https:\/\/fuzjastudio.com.br\/en\/vidro\/\" class=\"dropdown-item\">Glass<\/a>\t<li id=\"menu-item-504\" class=\"menu-item menu-item-type-post_type menu-item-object-page menu-item-504 nav-item elementskit-mobile-builder-content\" data-vertical-menu=\"750px\"><a href=\"https:\/\/fuzjastudio.com.br\/en\/objeto\/\" class=\"dropdown-item\">Object and Installation<\/a>\t<li id=\"menu-item-502\" class=\"menu-item menu-item-type-post_type menu-item-object-page menu-item-502 nav-item elementskit-mobile-builder-content\" data-vertical-menu=\"750px\"><a href=\"https:\/\/fuzjastudio.com.br\/en\/design-br\/\" class=\"dropdown-item\">Design<\/a>\t<li id=\"menu-item-501\" class=\"menu-item menu-item-type-post_type menu-item-object-page menu-item-501 nav-item elementskit-mobile-builder-content\" data-vertical-menu=\"750px\"><a href=\"https:\/\/fuzjastudio.com.br\/en\/pintura\/\" class=\"dropdown-item\">Pintura e Gravura<\/a>\t<li id=\"menu-item-1459\" class=\"menu-item menu-item-type-post_type menu-item-object-page menu-item-1459 nav-item elementskit-mobile-builder-content\" data-vertical-menu=\"750px\"><a href=\"https:\/\/fuzjastudio.com.br\/en\/exposicoes\/\" class=\"dropdown-item\">Exihibitions<\/a><\/ul>\n<\/li>\n<li id=\"menu-item-1246\" class=\"menu-item menu-item-type-post_type menu-item-object-page menu-item-1246 nav-item elementskit-mobile-builder-content\" data-vertical-menu=\"750px\"><a href=\"https:\/\/fuzjastudio.com.br\/en\/?page_id=881\" class=\"ekit-menu-nav-link\">Art work on sale<\/a><\/li>\n<li id=\"menu-item-3786\" class=\"menu-item menu-item-type-post_type menu-item-object-page menu-item-3786 nav-item elementskit-mobile-builder-content\" data-vertical-menu=\"750px\"><a href=\"https:\/\/fuzjastudio.com.br\/en\/workshops\/\" class=\"ekit-menu-nav-link\">Workshops<\/a><\/li>\n<li id=\"menu-item-272\" class=\"menu-item menu-item-type-post_type menu-item-object-page menu-item-272 nav-item elementskit-mobile-builder-content\" data-vertical-menu=\"750px\"><a href=\"https:\/\/fuzjastudio.com.br\/en\/clipping\/\" class=\"ekit-menu-nav-link\">Clipping<\/a><\/li>\n<li id=\"menu-item-271\" class=\"menu-item menu-item-type-post_type menu-item-object-page menu-item-271 nav-item elementskit-mobile-builder-content\" data-vertical-menu=\"750px\"><a href=\"https:\/\/fuzjastudio.com.br\/en\/contato\/\" class=\"ekit-menu-nav-link\">Contact<\/a><\/li>\n<li id=\"menu-item-1493\" class=\"trp-language-switcher-container menu-item menu-item-type-post_type menu-item-object-language_switcher current-language-menu-item menu-item-1493 nav-item elementskit-mobile-builder-content\" data-vertical-menu=\"750px\"><a href=\"https:\/\/fuzjastudio.com.br\/en\/wp-json\/wp\/v2\/pages\/1241\" class=\"ekit-menu-nav-link\"><span data-no-translation><img decoding=\"async\" class=\"trp-flag-image\" src=\"https:\/\/fuzjastudio.com.br\/wp-content\/plugins\/translatepress-multilingual\/assets\/images\/flags\/pt_BR.png\" width=\"18\" height=\"12\" alt=\"pt_BR\" title=\"Portugu\u00eas do Brasil\"><\/span><\/a><\/li>\n<li id=\"menu-item-1492\" class=\"trp-language-switcher-container menu-item menu-item-type-post_type menu-item-object-language_switcher current-language-menu-item menu-item-1492 nav-item elementskit-mobile-builder-content\" data-vertical-menu=\"750px\"><a href=\"https:\/\/fuzjastudio.com.br\/en\/wp-json\/wp\/v2\/pages\/1241\" class=\"ekit-menu-nav-link\"><span data-no-translation><img decoding=\"async\" class=\"trp-flag-image\" src=\"https:\/\/fuzjastudio.com.br\/wp-content\/plugins\/translatepress-multilingual\/assets\/images\/flags\/en_US.png\" width=\"18\" height=\"12\" alt=\"en_US\" title=\"English\"><\/span><\/a><\/li>\n<\/ul><div class=\"elementskit-nav-identity-panel\"><a class=\"elementskit-nav-logo\" href=\"https:\/\/fuzjastudio.com.br\/en\" target=\"\" rel=\"\"><img src=\"http:\/\/fuzjastudio.com.br\/wp-content\/uploads\/2020\/04\/cropped-LOGO_FUZJA_SITE-07-1.png\" title=\"cropped-LOGO_FUZJA_SITE-07-1\" alt=\"Fuzja Studio\" decoding=\"async\" \/><\/a><button class=\"elementskit-menu-close elementskit-menu-toggler\" type=\"button\">X<\/button><\/div><\/div>\n\t\t\t<div class=\"elementskit-menu-overlay elementskit-menu-offcanvas-elements elementskit-menu-toggler ekit-nav-menu--overlay\"><\/div>        <\/nav>\n\t\t\t\t\t\t<\/div>\n\t\t\t\t<\/div>\n\t\t\t\t\t<\/div>\n\t\t<\/div>\n\t\t\t\t<div class=\"elementor-column elementor-col-33 elementor-inner-column elementor-element elementor-element-69727a30\" data-id=\"69727a30\" data-element_type=\"column\" data-e-type=\"column\">\n\t\t\t<div class=\"elementor-widget-wrap elementor-element-populated\">\n\t\t\t\t\t\t<div class=\"elementor-element elementor-element-7fe7509f elementor-hidden-tablet elementor-hidden-phone elementor-widget elementor-widget-elementskit-social-media\" data-id=\"7fe7509f\" data-element_type=\"widget\" data-e-type=\"widget\" data-settings=\"{&quot;ekit_we_effect_on&quot;:&quot;none&quot;}\" data-widget_type=\"elementskit-social-media.default\">\n\t\t\t\t<div class=\"elementor-widget-container\">\n\t\t\t\t\t<div class=\"ekit-wid-con\" >\t\t\t <ul class=\"ekit_social_media\">\n\t\t\t\t\t\t\t\t\t\t\t\t\t\t<li class=\"elementor-repeater-item-5eb0945\">\n\t\t\t\t\t    <a\n\t\t\t\t\t\thref=\"https:\/\/www.facebook.com\/fuzjastudio\/\" target=\"_blank\" aria-label=\"Facebook\" class=\"facebook\" >\n\t\t\t\t\t\t\t\n\t\t\t\t\t\t\t<i aria-hidden=\"true\" class=\"icon icon-facebook\"><\/i>\n                                                                                                            <\/a>\n                    <\/li>\n                    \t\t\t\t\t\t\t\t\t\t\t\t\t\t<li class=\"elementor-repeater-item-e2aa959\">\n\t\t\t\t\t    <a\n\t\t\t\t\t\thref=\"https:\/\/www.instagram.com\/fuzjastudio\/\" target=\"_blank\" aria-label=\"Instagram\" class=\"instagram\" >\n\t\t\t\t\t\t\t\n\t\t\t\t\t\t\t<i aria-hidden=\"true\" class=\"fab fa-instagram\"><\/i>\n                                                                                                            <\/a>\n                    <\/li>\n                    \t\t\t\t\t\t\t\t\t\t\t\t\t\t<li class=\"elementor-repeater-item-d460182\">\n\t\t\t\t\t    <a\n\t\t\t\t\t\thref=\"https:\/\/www.instagram.com\/fuzjastudio\/\" target=\"_blank\" aria-label=\"Vimeo\" class=\"square\" >\n\t\t\t\t\t\t\t\n\t\t\t\t\t\t\t<i aria-hidden=\"true\" class=\"fab fa-vimeo-square\"><\/i>\n                                                                                                            <\/a>\n                    <\/li>\n                    \t\t\t\t\t\t\t<\/ul>\n\t\t<\/div>\t\t\t\t<\/div>\n\t\t\t\t<\/div>\n\t\t\t\t\t<\/div>\n\t\t<\/div>\n\t\t\t\t\t<\/div>\n\t\t<\/section>\n\t\t\t\t<section class=\"elementor-section elementor-top-section elementor-element elementor-element-20fcd56 elementor-section-height-min-height elementor-section-boxed elementor-section-height-default elementor-section-items-middle\" data-id=\"20fcd56\" data-element_type=\"section\" data-e-type=\"section\" data-settings=\"{&quot;background_background&quot;:&quot;classic&quot;,&quot;ekit_has_onepagescroll_dot&quot;:&quot;yes&quot;}\">\n\t\t\t\t\t\t\t<div class=\"elementor-background-overlay\"><\/div>\n\t\t\t\t\t\t\t<div class=\"elementor-container elementor-column-gap-default\">\n\t\t\t\t\t<div class=\"elementor-column elementor-col-100 elementor-top-column elementor-element elementor-element-4be7e4a elementor-invisible\" data-id=\"4be7e4a\" data-element_type=\"column\" data-e-type=\"column\" data-settings=\"{&quot;animation&quot;:&quot;fadeInUp&quot;}\">\n\t\t\t<div class=\"elementor-widget-wrap\">\n\t\t\t\t\t\t\t<\/div>\n\t\t<\/div>\n\t\t\t\t\t<\/div>\n\t\t<\/section>\n\t\t\t\t<section class=\"elementor-section elementor-top-section elementor-element elementor-element-d4a46cd elementor-section-boxed elementor-section-height-default elementor-section-height-default\" data-id=\"d4a46cd\" data-element_type=\"section\" data-e-type=\"section\" data-settings=\"{&quot;ekit_has_onepagescroll_dot&quot;:&quot;yes&quot;}\">\n\t\t\t\t\t\t<div class=\"elementor-container elementor-column-gap-default\">\n\t\t\t\t\t<div class=\"elementor-column elementor-col-100 elementor-top-column elementor-element elementor-element-7777e9e\" data-id=\"7777e9e\" data-element_type=\"column\" data-e-type=\"column\">\n\t\t\t<div class=\"elementor-widget-wrap elementor-element-populated\">\n\t\t\t\t\t\t<div class=\"elementor-element elementor-element-92e35e1 elementor-widget elementor-widget-heading\" data-id=\"92e35e1\" data-element_type=\"widget\" data-e-type=\"widget\" data-settings=\"{&quot;ekit_we_effect_on&quot;:&quot;none&quot;}\" data-widget_type=\"heading.default\">\n\t\t\t\t<div class=\"elementor-widget-container\">\n\t\t\t\t\t<h2 class=\"elementor-heading-title elementor-size-default\">Privacy Policy<\/h2>\t\t\t\t<\/div>\n\t\t\t\t<\/div>\n\t\t\t\t<div class=\"elementor-element elementor-element-dff70ef elementor-widget elementor-widget-text-editor\" data-id=\"dff70ef\" data-element_type=\"widget\" data-e-type=\"widget\" data-settings=\"{&quot;ekit_we_effect_on&quot;:&quot;none&quot;}\" data-widget_type=\"text-editor.default\">\n\t\t\t\t<div class=\"elementor-widget-container\">\n\t\t\t\t\t\t\t\t\t<p><strong>Pol\u00edtica de privacidade para Fuzja Studio<\/strong><br \/>Todas as suas informa\u00e7\u00f5es pessoais recolhidas, ser\u00e3o usadas para o ajudar a tornar a sua visita no nosso site o mais produtiva e agrad\u00e1vel poss\u00edvel.<br \/><br \/><br \/>A garantia da confidencialidade dos dados pessoais dos utilizados do nosso site \u00e9 importante para o Fuzja Studio.<br \/><br \/><br \/>Todas as informa\u00e7\u00f5es pessoais relativas a membros, assinantes, clientes ou visitantes que usem o Fuzja Studio ser\u00e3o tratadas em concord\u00e2ncia com a Lei da Prote\u00e7\u00e3o de Dados Pessoais de 26 de outubro de 1998 (Lei n.\u00ba 67\/98).<br \/><br \/><br \/>A informa\u00e7\u00e3o pessoal recolhida pode incluir o seu nome, e-mail, n\u00famero de telefone e\/ou celular, morada, data de nascimento e\/ou outros.<br \/><br \/><br \/>O uso do Fuzja Studio pressup\u00f5e a aceita\u00e7\u00e3o deste Acordo de privacidade. A equipe Fuzja Studio reserva-se ao direito de alterar este acordo sem aviso pr\u00e9vio. Deste modo, recomendamos que consulte a nossa pol\u00edtica de privacidade com regularidade de forma a estar sempre atualizado.<br \/><br \/><br \/><strong>Os an\u00fancios<\/strong><br \/>Tal como outros websites, coletamos e utilizamos informa\u00e7\u00f5es contidas nos an\u00fancios. As informa\u00e7\u00f5es contidas nos an\u00fancios, inclui o seu endere\u00e7o IP (Internet Protocol), o seu ISP (Internet Service Provider, como o Sapo, Clix, ou outro), o browser que utilizou ao visitar o nosso website (como o Internet Explorer ou o Firefox), o tempo da sua visita e que p\u00e1ginas visitou dentro do nosso website.<br \/><br \/><br \/><strong>Os Cookies<\/strong><br \/>Utilizamos cookies para armazenar informa\u00e7\u00f5es, tais como as suas prefer\u00eancias pessoas quando visita o nosso website. Isto poder\u00e1 incluir um simples popup, ou uma liga\u00e7\u00e3o em v\u00e1rios servi\u00e7os que providenciamos, tais como f\u00f3runs.<br \/><br \/>Em adi\u00e7\u00e3o tamb\u00e9m utilizamos publicidade de terceiros no nosso website para suportar os custos de manuten\u00e7\u00e3o. Alguns destes publicit\u00e1rios, poder\u00e3o utilizar tecnologias como os cookies e\/ou web beacons quando publicitam no nosso website, o que far\u00e1 com que esses publicit\u00e1rios (como o Google atrav\u00e9s do Google AdSense) tamb\u00e9m recebam a sua informa\u00e7\u00e3o pessoal, como o endere\u00e7o IP, o seu ISP, o seu browser, etc. Esta fun\u00e7\u00e3o \u00e9 geralmente utilizada para geotargeting (mostrar publicidade de Bras\u00edlia apenas aos leitores oriundos de Bras\u00edlia por ex.) ou apresentar publicidade direcionada a um tipo de utilizador (como mostrar publicidade de restaurante a um utilizador que visita sites de culin\u00e1ria regularmente, por ex.).<br \/><br \/><br \/>Voc\u00ea det\u00e9m o poder de desligar os seus cookies, nas op\u00e7\u00f5es do seu browser, ou efetuando altera\u00e7\u00f5es nas ferramentas de programas Anti-Virus, como o Norton Internet Security. No entanto, isso poder\u00e1 alterar a forma como interage com o nosso website, ou outros websites. Isso poder\u00e1 afetar ou n\u00e3o permitir que fa\u00e7a logins em programas, sites ou f\u00f3runs da nossa e de outras redes.<br \/><br \/><br \/><strong>Liga\u00e7\u00f5es a Sites de terceiros<\/strong><br \/>A Fuzja Studio possui liga\u00e7\u00f5es para outros sites, os quais, a nosso ver, podem conter informa\u00e7\u00f5es \/ ferramentas \u00fateis para os nossos visitantes. A nossa pol\u00edtica de privacidade n\u00e3o \u00e9 aplicada a sites de terceiros, pelo que, caso visite outro site a partir do nosso dever\u00e1 ler a pol\u00edtica de privacidade do mesmo.<br \/><br \/><br \/>N\u00e3o nos responsabilizamos pela pol\u00edtica de privacidade ou conte\u00fado presente nesses mesmos sites.<\/p>\t\t\t\t\t\t\t\t<\/div>\n\t\t\t\t<\/div>\n\t\t\t\t\t<\/div>\n\t\t<\/div>\n\t\t\t\t\t<\/div>\n\t\t<\/section>\n\t\t\t\t<section class=\"elementor-section elementor-top-section elementor-element elementor-element-2f2f2287 elementor-section-boxed elementor-section-height-default elementor-section-height-default\" data-id=\"2f2f2287\" data-element_type=\"section\" data-e-type=\"section\" data-settings=\"{&quot;background_background&quot;:&quot;classic&quot;,&quot;ekit_has_onepagescroll_dot&quot;:&quot;yes&quot;}\">\n\t\t\t\t\t\t<div class=\"elementor-container elementor-column-gap-default\">\n\t\t\t\t\t<div class=\"elementor-column elementor-col-33 elementor-top-column elementor-element elementor-element-25e28415\" data-id=\"25e28415\" data-element_type=\"column\" data-e-type=\"column\">\n\t\t\t<div class=\"elementor-widget-wrap\">\n\t\t\t\t\t\t\t<\/div>\n\t\t<\/div>\n\t\t\t\t<div class=\"elementor-column elementor-col-33 elementor-top-column elementor-element elementor-element-18d34e9a\" data-id=\"18d34e9a\" data-element_type=\"column\" data-e-type=\"column\">\n\t\t\t<div class=\"elementor-widget-wrap elementor-element-populated\">\n\t\t\t\t\t\t<div class=\"elementor-element elementor-element-5f573272 elementor-widget elementor-widget-image\" data-id=\"5f573272\" data-element_type=\"widget\" data-e-type=\"widget\" data-settings=\"{&quot;ekit_we_effect_on&quot;:&quot;none&quot;}\" data-widget_type=\"image.default\">\n\t\t\t\t<div class=\"elementor-widget-container\">\n\t\t\t\t\t\t\t\t\t\t\t\t\t\t\t\t<a href=\"http:\/\/fuzjastudio.com.br\/en\/\">\n\t\t\t\t\t\t\t<img loading=\"lazy\" decoding=\"async\" width=\"1981\" height=\"862\" src=\"https:\/\/fuzjastudio.com.br\/wp-content\/uploads\/2020\/04\/cropped-LOGO_FUZJA_SITE-07-1.png\" class=\"attachment-full size-full wp-image-1114\" alt=\"Fuzja Studio\" srcset=\"https:\/\/fuzjastudio.com.br\/wp-content\/uploads\/2020\/04\/cropped-LOGO_FUZJA_SITE-07-1.png 1981w, https:\/\/fuzjastudio.com.br\/wp-content\/uploads\/2020\/04\/cropped-LOGO_FUZJA_SITE-07-1-300x131.png 300w, https:\/\/fuzjastudio.com.br\/wp-content\/uploads\/2020\/04\/cropped-LOGO_FUZJA_SITE-07-1-1024x446.png 1024w, https:\/\/fuzjastudio.com.br\/wp-content\/uploads\/2020\/04\/cropped-LOGO_FUZJA_SITE-07-1-768x334.png 768w, https:\/\/fuzjastudio.com.br\/wp-content\/uploads\/2020\/04\/cropped-LOGO_FUZJA_SITE-07-1-1536x668.png 1536w\" sizes=\"(max-width: 1981px) 100vw, 1981px\" \/>\t\t\t\t\t\t\t\t<\/a>\n\t\t\t\t\t\t\t\t\t\t\t\t\t\t\t<\/div>\n\t\t\t\t<\/div>\n\t\t\t\t<div class=\"elementor-element elementor-element-6a822a2e elementor-widget elementor-widget-elementskit-social-media\" data-id=\"6a822a2e\" data-element_type=\"widget\" data-e-type=\"widget\" data-settings=\"{&quot;ekit_we_effect_on&quot;:&quot;none&quot;}\" data-widget_type=\"elementskit-social-media.default\">\n\t\t\t\t<div class=\"elementor-widget-container\">\n\t\t\t\t\t<div class=\"ekit-wid-con\" >\t\t\t <ul class=\"ekit_social_media\">\n\t\t\t\t\t\t\t\t\t\t\t\t\t\t<li class=\"elementor-repeater-item-da8f4de\">\n\t\t\t\t\t    <a\n\t\t\t\t\t\thref=\"https:\/\/www.facebook.com\/fuzjastudio\/\" target=\"_blank\" aria-label=\"Facebook\" class=\"facebook\" >\n\t\t\t\t\t\t\t\n\t\t\t\t\t\t\t<i aria-hidden=\"true\" class=\"icon icon-facebook\"><\/i>\n                                                                                                            <\/a>\n                    <\/li>\n                    \t\t\t\t\t\t\t\t\t\t\t\t\t\t<li class=\"elementor-repeater-item-90af22e\">\n\t\t\t\t\t    <a\n\t\t\t\t\t\thref=\"https:\/\/www.instagram.com\/fuzjastudio\/\" target=\"_blank\" aria-label=\"Instagram\" class=\"1\" >\n\t\t\t\t\t\t\t\n\t\t\t\t\t\t\t<i aria-hidden=\"true\" class=\"icon icon-instagram-1\"><\/i>\n                                                                                                            <\/a>\n                    <\/li>\n                    \t\t\t\t\t\t\t\t\t\t\t\t\t\t<li class=\"elementor-repeater-item-8fa36aa\">\n\t\t\t\t\t    <a\n\t\t\t\t\t\thref=\"https:\/\/www.instagram.com\/fuzjastudio\/\" aria-label=\"Vimeo\" class=\"vimeo\" >\n\t\t\t\t\t\t\t\n\t\t\t\t\t\t\t<i aria-hidden=\"true\" class=\"fab fa-vimeo\"><\/i>\n                                                                                                            <\/a>\n                    <\/li>\n                    \t\t\t\t\t\t\t<\/ul>\n\t\t<\/div>\t\t\t\t<\/div>\n\t\t\t\t<\/div>\n\t\t\t\t\t<\/div>\n\t\t<\/div>\n\t\t\t\t<div class=\"elementor-column elementor-col-33 elementor-top-column elementor-element elementor-element-56278250\" data-id=\"56278250\" data-element_type=\"column\" data-e-type=\"column\">\n\t\t\t<div class=\"elementor-widget-wrap\">\n\t\t\t\t\t\t\t<\/div>\n\t\t<\/div>\n\t\t\t\t\t<\/div>\n\t\t<\/section>\n\t\t\t\t<section class=\"elementor-section elementor-top-section elementor-element elementor-element-78d7044d elementor-section-boxed elementor-section-height-default elementor-section-height-default\" data-id=\"78d7044d\" data-element_type=\"section\" data-e-type=\"section\" data-settings=\"{&quot;background_background&quot;:&quot;classic&quot;,&quot;ekit_has_onepagescroll_dot&quot;:&quot;yes&quot;}\">\n\t\t\t\t\t\t<div class=\"elementor-container elementor-column-gap-default\">\n\t\t\t\t\t<div class=\"elementor-column elementor-col-50 elementor-top-column elementor-element elementor-element-49133403\" data-id=\"49133403\" data-element_type=\"column\" data-e-type=\"column\">\n\t\t\t<div class=\"elementor-widget-wrap elementor-element-populated\">\n\t\t\t\t\t\t<div class=\"elementor-element elementor-element-1ece74fd elementor-widget elementor-widget-heading\" data-id=\"1ece74fd\" data-element_type=\"widget\" data-e-type=\"widget\" data-settings=\"{&quot;ekit_we_effect_on&quot;:&quot;none&quot;}\" data-widget_type=\"heading.default\">\n\t\t\t\t<div class=\"elementor-widget-container\">\n\t\t\t\t\t<div class=\"elementor-heading-title elementor-size-default\">&amp;copy  Fuzja Studio - 2017<\/div>\t\t\t\t<\/div>\n\t\t\t\t<\/div>\n\t\t\t\t\t<\/div>\n\t\t<\/div>\n\t\t\t\t<div class=\"elementor-column elementor-col-50 elementor-top-column elementor-element elementor-element-7321b460\" data-id=\"7321b460\" data-element_type=\"column\" data-e-type=\"column\">\n\t\t\t<div class=\"elementor-widget-wrap elementor-element-populated\">\n\t\t\t\t\t\t<div class=\"elementor-element elementor-element-30f990bf elementor-widget elementor-widget-heading\" data-id=\"30f990bf\" data-element_type=\"widget\" data-e-type=\"widget\" data-settings=\"{&quot;ekit_we_effect_on&quot;:&quot;none&quot;}\" data-widget_type=\"heading.default\">\n\t\t\t\t<div class=\"elementor-widget-container\">\n\t\t\t\t\t<div class=\"elementor-heading-title elementor-size-default\"><a href=\"\/en\/politicas-de-privacidade\/\">Privacy Policy<\/a><\/div>\t\t\t\t<\/div>\n\t\t\t\t<\/div>\n\t\t\t\t\t<\/div>\n\t\t<\/div>\n\t\t\t\t\t<\/div>\n\t\t<\/section>\n\t\t\t\t<\/div>","protected":false},"excerpt":{"rendered":"<p>Fuzja Portf\u00f3lio Vidro Objeto Design Pintura Not\u00edcias Clipping Contato X Pol\u00edticas de Privacidade Pol\u00edtica de privacidade para Fuzja StudioTodas as suas informa\u00e7\u00f5es pessoais recolhidas, ser\u00e3o usadas para o ajudar a tornar a sua visita no nosso site o mais produtiva e agrad\u00e1vel poss\u00edvel. A garantia da confidencialidade dos dados pessoais dos utilizados do nosso site <a class=\"read-more\" href=\"https:\/\/fuzjastudio.com.br\/en\/politicas-de-privacidade\/\">&hellip;&nbsp;<span class=\"meta-nav\">&rarr;<\/span><\/a><\/p>","protected":false},"author":1,"featured_media":0,"parent":0,"menu_order":0,"comment_status":"closed","ping_status":"closed","template":"elementor_canvas","meta":{"footnotes":""},"class_list":["post-1241","page","type-page","status-publish","hentry"],"_links":{"self":[{"href":"https:\/\/fuzjastudio.com.br\/en\/wp-json\/wp\/v2\/pages\/1241","targetHints":{"allow":["GET"]}}],"collection":[{"href":"https:\/\/fuzjastudio.com.br\/en\/wp-json\/wp\/v2\/pages"}],"about":[{"href":"https:\/\/fuzjastudio.com.br\/en\/wp-json\/wp\/v2\/types\/page"}],"author":[{"embeddable":true,"href":"https:\/\/fuzjastudio.com.br\/en\/wp-json\/wp\/v2\/users\/1"}],"replies":[{"embeddable":true,"href":"https:\/\/fuzjastudio.com.br\/en\/wp-json\/wp\/v2\/comments?post=1241"}],"version-history":[{"count":0,"href":"https:\/\/fuzjastudio.com.br\/en\/wp-json\/wp\/v2\/pages\/1241\/revisions"}],"wp:attachment":[{"href":"https:\/\/fuzjastudio.com.br\/en\/wp-json\/wp\/v2\/media?parent=1241"}],"curies":[{"name":"wp","href":"https:\/\/api.w.org\/{rel}","templated":true}]}}