{"id":1104,"date":"2020-04-25T02:17:48","date_gmt":"2020-04-25T05:17:48","guid":{"rendered":"http:\/\/fuzjastudio.com.br\/?page_id=1104"},"modified":"2021-06-16T10:11:46","modified_gmt":"2021-06-16T13:11:46","slug":"home","status":"publish","type":"page","link":"https:\/\/fuzjastudio.com.br\/pt_br\/","title":{"rendered":"home"},"content":{"rendered":"\t\t<div data-elementor-type=\"wp-page\" data-elementor-id=\"1104\" class=\"elementor elementor-1104\" data-elementor-post-type=\"page\">\n\t\t\t\t\t\t<section class=\"elementor-section elementor-inner-section elementor-element elementor-element-2288a695 elementor-section-full_width ekit-sticky--top elementor-section-height-default elementor-section-height-default\" data-id=\"2288a695\" data-element_type=\"section\" data-e-type=\"section\" data-settings=\"{&quot;background_background&quot;:&quot;classic&quot;,&quot;ekit_sticky&quot;:&quot;top&quot;,&quot;ekit_sticky_offset&quot;:{&quot;unit&quot;:&quot;px&quot;,&quot;size&quot;:0,&quot;sizes&quot;:[]},&quot;ekit_sticky_on&quot;:&quot;desktop_tablet_mobile&quot;,&quot;ekit_sticky_effect_offset&quot;:{&quot;unit&quot;:&quot;px&quot;,&quot;size&quot;:0,&quot;sizes&quot;:[]},&quot;ekit_has_onepagescroll_dot&quot;:&quot;yes&quot;}\">\n\t\t\t\t\t\t<div class=\"elementor-container elementor-column-gap-default\">\n\t\t\t\t\t<div class=\"elementor-column elementor-col-33 elementor-inner-column elementor-element elementor-element-77ba2fc2\" data-id=\"77ba2fc2\" data-element_type=\"column\" data-e-type=\"column\">\n\t\t\t<div class=\"elementor-widget-wrap elementor-element-populated\">\n\t\t\t\t\t\t<div class=\"elementor-element elementor-element-371f56f2 elementor-widget elementor-widget-image\" data-id=\"371f56f2\" data-element_type=\"widget\" data-e-type=\"widget\" data-settings=\"{&quot;ekit_we_effect_on&quot;:&quot;none&quot;}\" data-widget_type=\"image.default\">\n\t\t\t\t<div class=\"elementor-widget-container\">\n\t\t\t\t\t\t\t\t\t\t\t\t\t\t\t\t<a href=\"http:\/\/fuzjastudio.com.br\/\">\n\t\t\t\t\t\t\t<img decoding=\"async\" width=\"300\" height=\"131\" src=\"https:\/\/fuzjastudio.com.br\/wp-content\/uploads\/2020\/04\/cropped-LOGO_FUZJA_SITE-07-1-300x131.png\" class=\"attachment-medium size-medium wp-image-1114\" alt=\"Fuzja Studio\" srcset=\"https:\/\/fuzjastudio.com.br\/wp-content\/uploads\/2020\/04\/cropped-LOGO_FUZJA_SITE-07-1-300x131.png 300w, https:\/\/fuzjastudio.com.br\/wp-content\/uploads\/2020\/04\/cropped-LOGO_FUZJA_SITE-07-1-1024x446.png 1024w, https:\/\/fuzjastudio.com.br\/wp-content\/uploads\/2020\/04\/cropped-LOGO_FUZJA_SITE-07-1-768x334.png 768w, https:\/\/fuzjastudio.com.br\/wp-content\/uploads\/2020\/04\/cropped-LOGO_FUZJA_SITE-07-1-1536x668.png 1536w, https:\/\/fuzjastudio.com.br\/wp-content\/uploads\/2020\/04\/cropped-LOGO_FUZJA_SITE-07-1.png 1981w\" sizes=\"(max-width: 300px) 100vw, 300px\" \/>\t\t\t\t\t\t\t\t<\/a>\n\t\t\t\t\t\t\t\t\t\t\t\t\t\t\t<\/div>\n\t\t\t\t<\/div>\n\t\t\t\t\t<\/div>\n\t\t<\/div>\n\t\t\t\t<div class=\"elementor-column elementor-col-33 elementor-inner-column elementor-element elementor-element-3a471342\" data-id=\"3a471342\" data-element_type=\"column\" data-e-type=\"column\">\n\t\t\t<div class=\"elementor-widget-wrap elementor-element-populated\">\n\t\t\t\t\t\t<div class=\"elementor-element elementor-element-1651e8a8 elementor-widget elementor-widget-ekit-nav-menu\" data-id=\"1651e8a8\" data-element_type=\"widget\" data-e-type=\"widget\" data-settings=\"{&quot;ekit_we_effect_on&quot;:&quot;none&quot;}\" data-widget_type=\"ekit-nav-menu.default\">\n\t\t\t\t<div class=\"elementor-widget-container\">\n\t\t\t\t\t\t\t<nav class=\"ekit-wid-con ekit_menu_responsive_tablet\"\n\t\t\tdata-hamburger-icon=\"\"\n\t\t\tdata-hamburger-icon-type=\"icon\"\n\t\t\tdata-responsive-breakpoint=\"1024\">\n\t\t\t            <button class=\"elementskit-menu-hamburger elementskit-menu-toggler\"  type=\"button\" aria-label=\"hamburger-icon\">\n                                    <span class=\"elementskit-menu-hamburger-icon\"><\/span><span class=\"elementskit-menu-hamburger-icon\"><\/span><span class=\"elementskit-menu-hamburger-icon\"><\/span>\n                            <\/button>\n            <div id=\"ekit-megamenu-menu-portugues\" class=\"elementskit-menu-container elementskit-menu-offcanvas-elements elementskit-navbar-nav-default ekit-nav-menu-one-page-no ekit-nav-dropdown-hover\"><ul id=\"menu-menu-portugues\" class=\"elementskit-navbar-nav elementskit-menu-po-center submenu-click-on-icon\"><li id=\"menu-item-274\" class=\"menu-item menu-item-type-post_type menu-item-object-page menu-item-274 nav-item elementskit-mobile-builder-content\" data-vertical-menu=750px><a href=\"https:\/\/fuzjastudio.com.br\/pt_br\/artista\/\" class=\"ekit-menu-nav-link\">Fuzja<\/a><\/li>\n<li id=\"menu-item-2651\" class=\"menu-item menu-item-type-custom menu-item-object-custom menu-item-has-children menu-item-2651 nav-item elementskit-dropdown-has relative_position elementskit-dropdown-menu-default_width elementskit-mobile-builder-content\" data-vertical-menu=750px><a href=\"#\" class=\"ekit-menu-nav-link ekit-menu-dropdown-toggle\">Portif\u00f3lio<i class=\"icon icon-down-arrow1 elementskit-submenu-indicator\"><\/i><\/a>\n<ul class=\"elementskit-dropdown elementskit-submenu-panel\">\n\t<li id=\"menu-item-1245\" class=\"menu-item menu-item-type-post_type menu-item-object-page menu-item-1245 nav-item elementskit-mobile-builder-content\" data-vertical-menu=750px><a href=\"https:\/\/fuzjastudio.com.br\/pt_br\/vidro\/\" class=\" dropdown-item\">Vidro<\/a>\t<li id=\"menu-item-504\" class=\"menu-item menu-item-type-post_type menu-item-object-page menu-item-504 nav-item elementskit-mobile-builder-content\" data-vertical-menu=750px><a href=\"https:\/\/fuzjastudio.com.br\/pt_br\/objeto\/\" class=\" dropdown-item\">Objeto e Instala\u00e7\u00e3o<\/a>\t<li id=\"menu-item-502\" class=\"menu-item menu-item-type-post_type menu-item-object-page menu-item-502 nav-item elementskit-mobile-builder-content\" data-vertical-menu=750px><a href=\"https:\/\/fuzjastudio.com.br\/pt_br\/design-br\/\" class=\" dropdown-item\">Design<\/a>\t<li id=\"menu-item-501\" class=\"menu-item menu-item-type-post_type menu-item-object-page menu-item-501 nav-item elementskit-mobile-builder-content\" data-vertical-menu=750px><a href=\"https:\/\/fuzjastudio.com.br\/pt_br\/pintura\/\" class=\" dropdown-item\">Pintura e Gravura<\/a>\t<li id=\"menu-item-1459\" class=\"menu-item menu-item-type-post_type menu-item-object-page menu-item-1459 nav-item elementskit-mobile-builder-content\" data-vertical-menu=750px><a href=\"https:\/\/fuzjastudio.com.br\/pt_br\/exposicoes\/\" class=\" dropdown-item\">Exposi\u00e7\u00f5es<\/a><\/ul>\n<\/li>\n<li id=\"menu-item-1246\" class=\"menu-item menu-item-type-post_type menu-item-object-page menu-item-1246 nav-item elementskit-mobile-builder-content\" data-vertical-menu=750px><a href=\"https:\/\/fuzjastudio.com.br\/pt_br\/?page_id=881\" class=\"ekit-menu-nav-link\">Obras \u00e0 venda<\/a><\/li>\n<li id=\"menu-item-3786\" class=\"menu-item menu-item-type-post_type menu-item-object-page menu-item-3786 nav-item elementskit-mobile-builder-content\" data-vertical-menu=750px><a href=\"https:\/\/fuzjastudio.com.br\/pt_br\/workshops\/\" class=\"ekit-menu-nav-link\">Workshops<\/a><\/li>\n<li id=\"menu-item-272\" class=\"menu-item menu-item-type-post_type menu-item-object-page menu-item-272 nav-item elementskit-mobile-builder-content\" data-vertical-menu=750px><a href=\"https:\/\/fuzjastudio.com.br\/pt_br\/clipping\/\" class=\"ekit-menu-nav-link\">Clipping<\/a><\/li>\n<li id=\"menu-item-271\" class=\"menu-item menu-item-type-post_type menu-item-object-page menu-item-271 nav-item elementskit-mobile-builder-content\" data-vertical-menu=750px><a href=\"https:\/\/fuzjastudio.com.br\/pt_br\/contato\/\" class=\"ekit-menu-nav-link\">Contato<\/a><\/li>\n<li id=\"menu-item-1493\" class=\"trp-language-switcher-container menu-item menu-item-type-post_type menu-item-object-language_switcher current-language-menu-item menu-item-1493 nav-item elementskit-mobile-builder-content\" data-vertical-menu=750px><a href=\"https:\/\/fuzjastudio.com.br\/pt_br\/wp-json\/wp\/v2\/pages\/1104\" class=\"ekit-menu-nav-link\"><span data-no-translation><img decoding=\"async\" class=\"trp-flag-image\" src=\"https:\/\/fuzjastudio.com.br\/wp-content\/plugins\/translatepress-multilingual\/assets\/images\/flags\/pt_BR.png\" width=\"18\" height=\"12\" alt=\"pt_BR\" title=\"Portugu\u00eas do Brasil\"><\/span><\/a><\/li>\n<li id=\"menu-item-1492\" class=\"trp-language-switcher-container menu-item menu-item-type-post_type menu-item-object-language_switcher current-language-menu-item menu-item-1492 nav-item elementskit-mobile-builder-content\" data-vertical-menu=750px><a href=\"https:\/\/fuzjastudio.com.br\/pt_br\/wp-json\/wp\/v2\/pages\/1104\" class=\"ekit-menu-nav-link\"><span data-no-translation><img decoding=\"async\" class=\"trp-flag-image\" src=\"https:\/\/fuzjastudio.com.br\/wp-content\/plugins\/translatepress-multilingual\/assets\/images\/flags\/en_US.png\" width=\"18\" height=\"12\" alt=\"en_US\" title=\"English\"><\/span><\/a><\/li>\n<\/ul><div class=\"elementskit-nav-identity-panel\"><a class=\"elementskit-nav-logo\" href=\"https:\/\/fuzjastudio.com.br\/pt_br\" target=\"\" rel=\"\"><img src=\"http:\/\/fuzjastudio.com.br\/wp-content\/uploads\/2020\/04\/cropped-LOGO_FUZJA_SITE-07-1.png\" title=\"cropped-LOGO_FUZJA_SITE-07-1\" alt=\"Fuzja Studio\" decoding=\"async\" \/><\/a><button class=\"elementskit-menu-close elementskit-menu-toggler\" type=\"button\">X<\/button><\/div><\/div>\n\t\t\t<div class=\"elementskit-menu-overlay elementskit-menu-offcanvas-elements elementskit-menu-toggler ekit-nav-menu--overlay\"><\/div>        <\/nav>\n\t\t\t\t\t\t<\/div>\n\t\t\t\t<\/div>\n\t\t\t\t\t<\/div>\n\t\t<\/div>\n\t\t\t\t<div class=\"elementor-column elementor-col-33 elementor-inner-column elementor-element elementor-element-79451bd5\" data-id=\"79451bd5\" data-element_type=\"column\" data-e-type=\"column\">\n\t\t\t<div class=\"elementor-widget-wrap elementor-element-populated\">\n\t\t\t\t\t\t<div class=\"elementor-element elementor-element-548fd7 elementor-hidden-tablet elementor-hidden-phone elementor-widget elementor-widget-elementskit-social-media\" data-id=\"548fd7\" data-element_type=\"widget\" data-e-type=\"widget\" data-settings=\"{&quot;ekit_we_effect_on&quot;:&quot;none&quot;}\" data-widget_type=\"elementskit-social-media.default\">\n\t\t\t\t<div class=\"elementor-widget-container\">\n\t\t\t\t\t<div class=\"ekit-wid-con\" >\t\t\t <ul class=\"ekit_social_media\">\n\t\t\t\t\t\t\t\t\t\t\t\t\t\t<li class=\"elementor-repeater-item-5eb0945\">\n\t\t\t\t\t    <a\n\t\t\t\t\t\thref=\"https:\/\/www.facebook.com\/fuzjastudio\/\" target=\"_blank\" aria-label=\"Facebook\" class=\"facebook\" >\n\t\t\t\t\t\t\t\n\t\t\t\t\t\t\t<i aria-hidden=\"true\" class=\"icon icon-facebook\"><\/i>\n                                                                                                            <\/a>\n                    <\/li>\n                    \t\t\t\t\t\t\t\t\t\t\t\t\t\t<li class=\"elementor-repeater-item-e2aa959\">\n\t\t\t\t\t    <a\n\t\t\t\t\t\thref=\"https:\/\/www.instagram.com\/fuzjastudio\/\" target=\"_blank\" aria-label=\"Instagram\" class=\"instagram\" >\n\t\t\t\t\t\t\t\n\t\t\t\t\t\t\t<i aria-hidden=\"true\" class=\"fab fa-instagram\"><\/i>\n                                                                                                            <\/a>\n                    <\/li>\n                    \t\t\t\t\t\t\t<\/ul>\n\t\t<\/div>\t\t\t\t<\/div>\n\t\t\t\t<\/div>\n\t\t\t\t\t<\/div>\n\t\t<\/div>\n\t\t\t\t\t<\/div>\n\t\t<\/section>\n\t\t\t\t<section class=\"elementor-section elementor-top-section elementor-element elementor-element-a49eb68 elementor-section-boxed elementor-section-height-default elementor-section-height-default\" data-id=\"a49eb68\" data-element_type=\"section\" data-e-type=\"section\" data-settings=\"{&quot;ekit_has_onepagescroll_dot&quot;:&quot;yes&quot;}\">\n\t\t\t\t\t\t<div class=\"elementor-container elementor-column-gap-default\">\n\t\t\t\t\t<div class=\"elementor-column elementor-col-100 elementor-top-column elementor-element elementor-element-e1aaae2\" data-id=\"e1aaae2\" data-element_type=\"column\" data-e-type=\"column\">\n\t\t\t<div class=\"elementor-widget-wrap elementor-element-populated\">\n\t\t\t\t\t\t<div class=\"elementor-element elementor-element-0d88189 elementor-widget elementor-widget-video\" data-id=\"0d88189\" data-element_type=\"widget\" data-e-type=\"widget\" data-settings=\"{&quot;video_type&quot;:&quot;vimeo&quot;,&quot;autoplay&quot;:&quot;yes&quot;,&quot;play_on_mobile&quot;:&quot;yes&quot;,&quot;loop&quot;:&quot;yes&quot;,&quot;ekit_we_effect_on&quot;:&quot;none&quot;}\" data-widget_type=\"video.default\">\n\t\t\t\t<div class=\"elementor-widget-container\">\n\t\t\t\t\t\t\t<div class=\"elementor-wrapper elementor-open-inline\">\n\t\t\t<iframe class=\"elementor-video-iframe\" allowfullscreen allow=\"autoplay\" title=\"Player de V\u00eddeo vimeo\" src=\"https:\/\/player.vimeo.com\/video\/408657562?autoplay=1&amp;playsinline=1&amp;color&amp;autopause=0&amp;loop=1&amp;muted=0&amp;title=0&amp;portrait=0&amp;byline=0#t=\"><\/iframe>\t\t<\/div>\n\t\t\t\t\t\t<\/div>\n\t\t\t\t<\/div>\n\t\t\t\t\t<\/div>\n\t\t<\/div>\n\t\t\t\t\t<\/div>\n\t\t<\/section>\n\t\t\t\t<section class=\"elementor-section elementor-top-section elementor-element elementor-element-466e8a3 elementor-section-boxed elementor-section-height-default elementor-section-height-default\" data-id=\"466e8a3\" data-element_type=\"section\" data-e-type=\"section\" data-settings=\"{&quot;background_background&quot;:&quot;classic&quot;,&quot;ekit_has_onepagescroll_dot&quot;:&quot;yes&quot;}\">\n\t\t\t\t\t\t<div class=\"elementor-container elementor-column-gap-default\">\n\t\t\t\t\t<div class=\"elementor-column elementor-col-33 elementor-top-column elementor-element elementor-element-342ffb35\" data-id=\"342ffb35\" data-element_type=\"column\" data-e-type=\"column\">\n\t\t\t<div class=\"elementor-widget-wrap\">\n\t\t\t\t\t\t\t<\/div>\n\t\t<\/div>\n\t\t\t\t<div class=\"elementor-column elementor-col-33 elementor-top-column elementor-element elementor-element-35f271c5\" data-id=\"35f271c5\" data-element_type=\"column\" data-e-type=\"column\">\n\t\t\t<div class=\"elementor-widget-wrap elementor-element-populated\">\n\t\t\t\t\t\t<div class=\"elementor-element elementor-element-593c5379 elementor-widget elementor-widget-image\" data-id=\"593c5379\" data-element_type=\"widget\" data-e-type=\"widget\" data-settings=\"{&quot;ekit_we_effect_on&quot;:&quot;none&quot;}\" data-widget_type=\"image.default\">\n\t\t\t\t<div class=\"elementor-widget-container\">\n\t\t\t\t\t\t\t\t\t\t\t\t\t\t\t\t<a href=\"http:\/\/fuzjastudio.com.br\/\">\n\t\t\t\t\t\t\t<img loading=\"lazy\" decoding=\"async\" width=\"1981\" height=\"862\" src=\"https:\/\/fuzjastudio.com.br\/wp-content\/uploads\/2020\/04\/cropped-LOGO_FUZJA_SITE-07-1.png\" class=\"attachment-full size-full wp-image-1114\" alt=\"Fuzja Studio\" srcset=\"https:\/\/fuzjastudio.com.br\/wp-content\/uploads\/2020\/04\/cropped-LOGO_FUZJA_SITE-07-1.png 1981w, https:\/\/fuzjastudio.com.br\/wp-content\/uploads\/2020\/04\/cropped-LOGO_FUZJA_SITE-07-1-300x131.png 300w, https:\/\/fuzjastudio.com.br\/wp-content\/uploads\/2020\/04\/cropped-LOGO_FUZJA_SITE-07-1-1024x446.png 1024w, https:\/\/fuzjastudio.com.br\/wp-content\/uploads\/2020\/04\/cropped-LOGO_FUZJA_SITE-07-1-768x334.png 768w, https:\/\/fuzjastudio.com.br\/wp-content\/uploads\/2020\/04\/cropped-LOGO_FUZJA_SITE-07-1-1536x668.png 1536w\" sizes=\"(max-width: 1981px) 100vw, 1981px\" \/>\t\t\t\t\t\t\t\t<\/a>\n\t\t\t\t\t\t\t\t\t\t\t\t\t\t\t<\/div>\n\t\t\t\t<\/div>\n\t\t\t\t<div class=\"elementor-element elementor-element-ae15fd0 elementor-widget elementor-widget-elementskit-social-media\" data-id=\"ae15fd0\" data-element_type=\"widget\" data-e-type=\"widget\" data-settings=\"{&quot;ekit_we_effect_on&quot;:&quot;none&quot;}\" data-widget_type=\"elementskit-social-media.default\">\n\t\t\t\t<div class=\"elementor-widget-container\">\n\t\t\t\t\t<div class=\"ekit-wid-con\" >\t\t\t <ul class=\"ekit_social_media\">\n\t\t\t\t\t\t\t\t\t\t\t\t\t\t<li class=\"elementor-repeater-item-da8f4de\">\n\t\t\t\t\t    <a\n\t\t\t\t\t\thref=\"https:\/\/www.facebook.com\/fuzjastudio\/\" aria-label=\"Facebook\" class=\"facebook\" >\n\t\t\t\t\t\t\t\n\t\t\t\t\t\t\t<i aria-hidden=\"true\" class=\"icon icon-facebook\"><\/i>\n                                                                                                            <\/a>\n                    <\/li>\n                    \t\t\t\t\t\t\t\t\t\t\t\t\t\t<li class=\"elementor-repeater-item-90af22e\">\n\t\t\t\t\t    <a\n\t\t\t\t\t\thref=\"https:\/\/www.instagram.com\/fuzjastudio\/\" target=\"_blank\" aria-label=\"Instagram\" class=\"1\" >\n\t\t\t\t\t\t\t\n\t\t\t\t\t\t\t<i aria-hidden=\"true\" class=\"icon icon-instagram-1\"><\/i>\n                                                                                                            <\/a>\n                    <\/li>\n                    \t\t\t\t\t\t\t<\/ul>\n\t\t<\/div>\t\t\t\t<\/div>\n\t\t\t\t<\/div>\n\t\t\t\t\t<\/div>\n\t\t<\/div>\n\t\t\t\t<div class=\"elementor-column elementor-col-33 elementor-top-column elementor-element elementor-element-1f1c14c4\" data-id=\"1f1c14c4\" data-element_type=\"column\" data-e-type=\"column\">\n\t\t\t<div class=\"elementor-widget-wrap\">\n\t\t\t\t\t\t\t<\/div>\n\t\t<\/div>\n\t\t\t\t\t<\/div>\n\t\t<\/section>\n\t\t\t\t<section class=\"elementor-section elementor-top-section elementor-element elementor-element-193486ca elementor-section-boxed elementor-section-height-default elementor-section-height-default\" data-id=\"193486ca\" data-element_type=\"section\" data-e-type=\"section\" data-settings=\"{&quot;background_background&quot;:&quot;classic&quot;,&quot;ekit_has_onepagescroll_dot&quot;:&quot;yes&quot;}\">\n\t\t\t\t\t\t<div class=\"elementor-container elementor-column-gap-default\">\n\t\t\t\t\t<div class=\"elementor-column elementor-col-50 elementor-top-column elementor-element elementor-element-197332dc\" data-id=\"197332dc\" data-element_type=\"column\" data-e-type=\"column\">\n\t\t\t<div class=\"elementor-widget-wrap elementor-element-populated\">\n\t\t\t\t\t\t<div class=\"elementor-element elementor-element-20a18045 elementor-widget elementor-widget-text-editor\" data-id=\"20a18045\" data-element_type=\"widget\" data-e-type=\"widget\" data-settings=\"{&quot;ekit_we_effect_on&quot;:&quot;none&quot;}\" data-widget_type=\"text-editor.default\">\n\t\t\t\t<div class=\"elementor-widget-container\">\n\t\t\t\t\t\t\t\t\t<p>\u00a92017 &#8211; Fuzia Studio<\/p>\t\t\t\t\t\t\t\t<\/div>\n\t\t\t\t<\/div>\n\t\t\t\t\t<\/div>\n\t\t<\/div>\n\t\t\t\t<div class=\"elementor-column elementor-col-50 elementor-top-column elementor-element elementor-element-df63ab0\" data-id=\"df63ab0\" data-element_type=\"column\" data-e-type=\"column\">\n\t\t\t<div class=\"elementor-widget-wrap elementor-element-populated\">\n\t\t\t\t\t\t<div class=\"elementor-element elementor-element-a15101a elementor-widget elementor-widget-heading\" data-id=\"a15101a\" data-element_type=\"widget\" data-e-type=\"widget\" data-settings=\"{&quot;ekit_we_effect_on&quot;:&quot;none&quot;}\" data-widget_type=\"heading.default\">\n\t\t\t\t<div class=\"elementor-widget-container\">\n\t\t\t\t\t<span class=\"elementor-heading-title elementor-size-default\"><a href=\"http:\/\/fuzjastudio.com.br\/politicas-de-privacidade\/\">Pol\u00edticas de Privacidade<\/a><\/span>\t\t\t\t<\/div>\n\t\t\t\t<\/div>\n\t\t\t\t\t<\/div>\n\t\t<\/div>\n\t\t\t\t\t<\/div>\n\t\t<\/section>\n\t\t\t\t<\/div>\n\t\t","protected":false},"excerpt":{"rendered":"<p>Fuzja Portif\u00f3lio Vidro Objeto e Instala\u00e7\u00e3o Design Pintura Exposi\u00e7\u00f5es Shop Clipping Contato X \u00a92017 &#8211; Fuzia Studio Pol\u00edticas de Privacidade<\/p>\n","protected":false},"author":1,"featured_media":0,"parent":0,"menu_order":0,"comment_status":"closed","ping_status":"closed","template":"elementor_canvas","meta":{"footnotes":""},"class_list":["post-1104","page","type-page","status-publish","hentry"],"_links":{"self":[{"href":"https:\/\/fuzjastudio.com.br\/pt_br\/wp-json\/wp\/v2\/pages\/1104","targetHints":{"allow":["GET"]}}],"collection":[{"href":"https:\/\/fuzjastudio.com.br\/pt_br\/wp-json\/wp\/v2\/pages"}],"about":[{"href":"https:\/\/fuzjastudio.com.br\/pt_br\/wp-json\/wp\/v2\/types\/page"}],"author":[{"embeddable":true,"href":"https:\/\/fuzjastudio.com.br\/pt_br\/wp-json\/wp\/v2\/users\/1"}],"replies":[{"embeddable":true,"href":"https:\/\/fuzjastudio.com.br\/pt_br\/wp-json\/wp\/v2\/comments?post=1104"}],"version-history":[{"count":0,"href":"https:\/\/fuzjastudio.com.br\/pt_br\/wp-json\/wp\/v2\/pages\/1104\/revisions"}],"wp:attachment":[{"href":"https:\/\/fuzjastudio.com.br\/pt_br\/wp-json\/wp\/v2\/media?parent=1104"}],"curies":[{"name":"wp","href":"https:\/\/api.w.org\/{rel}","templated":true}]}}